{"id":230,"date":"2022-04-05T21:18:38","date_gmt":"2022-04-05T19:18:38","guid":{"rendered":"https:\/\/elmax-cyfer.pl\/index.php\/oswiadczenie-o-ochronie-prywatnosci-eu\/"},"modified":"2022-08-02T12:28:09","modified_gmt":"2022-08-02T10:28:09","slug":"oswiadczenie-o-ochronie-prywatnosci-eu","status":"publish","type":"page","link":"https:\/\/elmax-cyfer.pl\/index.php\/oswiadczenie-o-ochronie-prywatnosci-eu\/","title":{"rendered":"O\u015bwiadczenie o ochronie prywatno\u015bci (EU)"},"content":{"rendered":"\n<!-- Legal document generated by Complianz | GDPR\/CCPA Cookie Consent https:\/\/wordpress.org\/plugins\/complianz-gdpr -->\n<div id=\"cmplz-document\" class=\"cmplz-document privacy-statement cmplz-document-eu\"><p><i>This privacy statement was last updated on 30 listopad 2022 and applies to citizens and legal permanent residents of the European Economic Area and Switzerland.<\/i><br><br><\/p><p><p>In this privacy statement, we explain what we do with the data we obtain about you via <a href=\"https:\/\/elmax-cyfer.pl\">https:\/\/elmax-cyfer.pl<\/a>. We recommend you carefully read this statement. In our processing we comply with the requirements of privacy legislation. That means, among other things, that:<\/p><ul>\n                <li>we clearly state the purposes for which we process personal data. We do this by means of this privacy statement;<\/li>\n                <li>we aim to limit our collection of personal data to only the personal data required for legitimate purposes;<\/li>\n                <li>we first request your explicit consent to process your personal data in cases requiring your consent;<\/li>\n                <li>we take appropriate security measures to protect your personal data and also require this from parties that process personal data on our behalf;<\/li>\n                <li>we respect your right to access your personal data or have it corrected or deleted, at your request.<\/li>\n            <\/ul><p>If you have any questions, or want to know exactly what data we keep of you, please contact us.<\/p><\/p><h2>1. Purpose, data and retention period<\/h2>We may collect or receive personal information for a number of purposes connected with our business operations which may include the following: (click to expand)<details class=\"cmplz-dropdown dropdown-privacy-statement\"><summary><div><h3>1.1 To be able to comply with legal obligations<\/h3><\/div><\/summary><p class=\"cmplz-subtitle\">For this purpose we use the following data:<\/p><p><ul><li>IP address<\/li><\/ul><\/p><p class=\"cmplz-subtitle\">The basis on which we may process these data is:<\/p><p><a target=\"_blank\" rel=\"noopener noreferrer nofollow\" href=\"https:\/\/cookiedatabase.org\/legal-bases\/#obligation\">For compliance with a legal or regulatory obligation.<\/a><\/p><p class=\"cmplz-subtitle\">Retention period<\/p><p>We retain this data until the service is terminated.<\/p><\/details><h2>2. Cookies<\/h2><p>Our website uses cookies. For more information about cookies, please refer to our <a href=\"https:\/\/elmax-cyfer.pl\/index.php\/polityka-plikow-cookies-eu\/\">Cookie Policy<\/a>.&nbsp;<\/p><h2>3. Disclosure practices<\/h2><p><p>We disclose personal information if we are required by law or by a court order, in response to a law enforcement agency, to the extent permitted under other provisions of law, to provide information, or for an investigation on a matter related to public safety.<\/p><p>If our website or organisation is taken over, sold, or involved in a merger or acquisition, your details may be disclosed to our advisers and any prospective purchasers and will be passed on to the new owners.<\/p><\/p><h2>4. Security<\/h2><p>We are committed to the security of personal data. We take appropriate security measures to limit abuse of and unauthorized access to personal data. This ensures that only the necessary persons have access to your data, that access to the data is protected, and that our security measures are regularly reviewed.<\/p><h2>5. Third-party websites<\/h2><p>This privacy statement does not apply to third-party websites connected by links on our website. We cannot guarantee that these third parties handle your personal data in a reliable or secure manner. We recommend you read the privacy statements of these websites prior to making use of these websites.<\/p><h2>6. Amendments to this privacy statement<\/h2><p>We reserve the right to make amendments to this privacy statement. It is recommended that you consult this privacy statement regularly in order to be aware of any changes. In addition, we will actively inform you wherever possible.<\/p><h2>7. Accessing and modifying your data<\/h2><p>If you have any questions or want to know which personal data we have about you, please contact us. You can contact us by using the information below. You have the following rights:<\/p><ul>\n                <li>You have the right to know why your personal data is needed, what will happen to it, and how long it will be retained for.<\/li>\n                <li>Right of access: You have the right to access your personal data that is known to us.<\/li>\n                <li>Right to rectification: you have the right to supplement, correct, have deleted or blocked your personal data whenever you wish.<\/li>\n                <li>If you give us your consent to process your data, you have the right to revoke that consent and to have your personal data deleted.<\/li>\n                <li>Right to transfer your data: you have the right to request all your personal data from the controller and transfer it in its entirety to another controller.<\/li>\n                <li>Right to object: you may object to the processing of your data. We comply with this, unless there are justified grounds for processing.<\/li>\n            <\/ul><p>Please make sure to always clearly state who you are, so that we can be certain that we do not modify or delete any data of the wrong person.<\/p><h2>8. Submitting a complaint<\/h2><p>If you are not satisfied with the way in which we handle (a complaint about) the processing of your personal data, you have the right to submit a complaint to the Data Protection Authority.<\/p><h2>9. Data Protection Officer<\/h2><p>Our Data Protection Officer has been registered with the data protection authority in an EU Member State. If you have any questions or requests with respect to this privacy statement or for the Data Protection Officer, you may contact Mariola Nowak, via  or nowakmariola1984@gmail.com or by telephone on 516173253<\/p><h2>10. Contact details<\/h2><p>Zygmunt Cyfer<br>\n        ul. Na Polance 4b\/8<br>\n        Poland<br>\n        Website: <a href=\"https:\/\/elmax-cyfer.pl\">https:\/\/elmax-cyfer.pl<\/a> <br>\n        Email: <span class=\"cmplz-obfuscate\">moc&#x2e;l&#x69;a&#x6d;g&#x40;4891a&#108;oiram&#107;awon<\/span> <br>\n        Phone number: 516173253<\/p><h2>Annex<\/h2><p><h3>Really Simple SSL<\/h3>\r\nWtyczka i dodatki Really Simple SSL nie przetwarzaj\u0105 danych osobowych, wi\u0119c w przypadku wykorzystania ich na twojej witrynie przepisy RODO nie maj\u0105 zastosowania. Nasza polityka prywatno\u015bci dost\u0119pna jest <a href=\"https:\/\/really-simple-ssl.com\/privacy-statement\/\" target=\"_blank\" rel=\"noopener\">tutaj<\/a>.\r\n<h3>Complianz | The Privacy Suite for WordPress<\/h3>\r\nTa witryna u\u017cywa Privacy Suite for WordPress by Complianz do zbierania zapis\u00f3w zgody.\u00a0W tym celu tw\u00f3j adres ip jest anonimizowany i przechowywany w naszej bazie danych.\u00a0W celu zdobycia wi\u0119cej informacji zobacz Complianz <a href=\"https:\/\/complianz.io\/privacy-statement\/\" target=\"_blank\" rel=\"noopener\">Privacy Statement<\/a>.\r\n<h3>Really Simple SSL<\/h3>\r\nWtyczka i dodatki Really Simple SSL nie przetwarzaj\u0105 danych osobowych, wi\u0119c w przypadku wykorzystania ich na twojej witrynie przepisy RODO nie maj\u0105 zastosowania. Nasza polityka prywatno\u015bci dost\u0119pna jest <a href=\"https:\/\/really-simple-ssl.com\/privacy-statement\/\" target=\"_blank\" rel=\"noopener\">tutaj<\/a>.\r\n<h3>Complianz | The Privacy Suite for WordPress<\/h3>\r\nTa witryna u\u017cywa Privacy Suite for WordPress by Complianz do zbierania zapis\u00f3w zgody.\u00a0W tym celu tw\u00f3j adres ip jest anonimizowany i przechowywany w naszej bazie danych.\u00a0W celu zdobycia wi\u0119cej informacji zobacz Complianz <a href=\"https:\/\/complianz.io\/privacy-statement\/\" target=\"_blank\" rel=\"noopener\">Privacy Statement<\/a>.\r\n<h3>Akismet<\/h3>\r\nZbieramy informacje o odwiedzaj\u0105cych, kt\u00f3rzy publikuj\u0105 komentarze na stronach wykorzystuj\u0105cych us\u0142ug\u0119 ochrony przed spamem Akismet. Informacje, kt\u00f3re zbieramy zale\u017c\u0105 od tego, jak u\u017cytkownik skonfigurowa\u0142 Akismet dla strony, ale zwykle obejmuj\u0105 adres IP komentuj\u0105cego, jego user agent, adres odsy\u0142aj\u0105cy oraz adres strony (wraz z innymi informacjami dostarczonymi bezpo\u015brednio przez komentuj\u0105cego, takimi jak jego imi\u0119, nazwa u\u017cytkownika i sama tre\u015b\u0107 komentarza).\r\n<h3>Really Simple SSL<\/h3>\r\nWtyczka i dodatki Really Simple SSL nie przetwarzaj\u0105 danych osobowych, wi\u0119c w przypadku wykorzystania ich na twojej witrynie przepisy RODO nie maj\u0105 zastosowania. Nasza polityka prywatno\u015bci dost\u0119pna jest <a href=\"https:\/\/really-simple-ssl.com\/privacy-statement\/\" target=\"_blank\" rel=\"noopener\">tutaj<\/a>.\r\n<h3>Complianz | The Privacy Suite for WordPress<\/h3>\r\nTa witryna u\u017cywa Privacy Suite for WordPress by Complianz do zbierania zapis\u00f3w zgody.\u00a0W tym celu tw\u00f3j adres ip jest anonimizowany i przechowywany w naszej bazie danych.\u00a0W celu zdobycia wi\u0119cej informacji zobacz Complianz <a href=\"https:\/\/complianz.io\/privacy-statement\/\" target=\"_blank\" rel=\"noopener\">Privacy Statement<\/a>.\r\n<h3>Akismet<\/h3>\r\nZbieramy informacje o odwiedzaj\u0105cych, kt\u00f3rzy publikuj\u0105 komentarze na stronach wykorzystuj\u0105cych us\u0142ug\u0119 ochrony przed spamem Akismet. Informacje, kt\u00f3re zbieramy zale\u017c\u0105 od tego, jak u\u017cytkownik skonfigurowa\u0142 Akismet dla strony, ale zwykle obejmuj\u0105 adres IP komentuj\u0105cego, jego user agent, adres odsy\u0142aj\u0105cy oraz adres strony (wraz z innymi informacjami dostarczonymi bezpo\u015brednio przez komentuj\u0105cego, takimi jak jego imi\u0119, nazwa u\u017cytkownika i sama tre\u015b\u0107 komentarza).\r\n<h3>Burst Statistics<\/h3>\r\nThis website uses Burst Statistics, a Privacy-Friendly Statistics Tool to analyze visitor behavior. For this functionality we (this website) collect anonymized data, stored locally without sharing it with other parties. For more information, please read the <a href=\"https:\/\/burst-statistics.com\/legal\/privacy-statement\/\" target=\"_blank\" rel=\"noopener\"> Privacy Statement <\/a> from Burst.<\/p><\/div>","protected":false},"excerpt":{"rendered":"","protected":false},"author":1,"featured_media":0,"parent":0,"menu_order":0,"comment_status":"closed","ping_status":"closed","template":"","meta":{"footnotes":""},"class_list":["post-230","page","type-page","status-publish","hentry"],"_links":{"self":[{"href":"https:\/\/elmax-cyfer.pl\/index.php\/wp-json\/wp\/v2\/pages\/230","targetHints":{"allow":["GET"]}}],"collection":[{"href":"https:\/\/elmax-cyfer.pl\/index.php\/wp-json\/wp\/v2\/pages"}],"about":[{"href":"https:\/\/elmax-cyfer.pl\/index.php\/wp-json\/wp\/v2\/types\/page"}],"author":[{"embeddable":true,"href":"https:\/\/elmax-cyfer.pl\/index.php\/wp-json\/wp\/v2\/users\/1"}],"replies":[{"embeddable":true,"href":"https:\/\/elmax-cyfer.pl\/index.php\/wp-json\/wp\/v2\/comments?post=230"}],"version-history":[{"count":1,"href":"https:\/\/elmax-cyfer.pl\/index.php\/wp-json\/wp\/v2\/pages\/230\/revisions"}],"predecessor-version":[{"id":233,"href":"https:\/\/elmax-cyfer.pl\/index.php\/wp-json\/wp\/v2\/pages\/230\/revisions\/233"}],"wp:attachment":[{"href":"https:\/\/elmax-cyfer.pl\/index.php\/wp-json\/wp\/v2\/media?parent=230"}],"curies":[{"name":"wp","href":"https:\/\/api.w.org\/{rel}","templated":true}]}}